{"id":52,"date":"2021-02-10T15:10:14","date_gmt":"2021-02-10T15:10:14","guid":{"rendered":"http:\/\/www.saudeamericana.com.br\/v2\/?page_id=52"},"modified":"2025-08-21T15:00:51","modified_gmt":"2025-08-21T18:00:51","slug":"hospital-municipal","status":"publish","type":"page","link":"https:\/\/www.saudeamericana.com.br\/v2\/hospital-municipal\/","title":{"rendered":"Hospital Municipal  &#8220;Dr. Waldemar Tebaldi&#8221;"},"content":{"rendered":"\n<p><\/p>\n\n\n\n<figure class=\"wp-block-image size-large\"><img loading=\"lazy\" decoding=\"async\" width=\"456\" height=\"266\" src=\"http:\/\/www.saudeamericana.com.br\/v2\/wp-content\/uploads\/2021\/03\/image-4.png\" alt=\"\" class=\"wp-image-506\" srcset=\"https:\/\/www.saudeamericana.com.br\/v2\/wp-content\/uploads\/2021\/03\/image-4.png 456w, https:\/\/www.saudeamericana.com.br\/v2\/wp-content\/uploads\/2021\/03\/image-4-300x175.png 300w, https:\/\/www.saudeamericana.com.br\/v2\/wp-content\/uploads\/2021\/03\/image-4-140x82.png 140w\" sizes=\"auto, (max-width: 456px) 100vw, 456px\" \/><\/figure>\n\n\n\n<p><strong>A gest\u00e3o do Hospital Municipal \u00e9 compartilhada com a OS (Organiza\u00e7\u00e3o Social) Santa Casa de Miseric\u00f3rdia de Chavantes<\/strong><\/p>\n\n\n\n<p>Idealizado em 1982 pelo m\u00e9dico e ex-prefeito, Waldemar Tebaldi, o Hospital Municipal a cada ano vem crescendo e se tornando refer\u00eancia e um dos mais importantes hospitais da regi\u00e3o, com capacidade de atendimento especializado e com qualidade, utilizando equipamentos modernos e de total preparo para acolhimento. O HM disp\u00f5e de 110 leitos de interna\u00e7\u00e3o distribu\u00eddos em tr\u00eas alas de cl\u00ednica m\u00e9dica e cir\u00fargica, uma ala de maternidade e unidade e terapia intensiva, adulto e neonatal, al\u00e9m de centro cir\u00fargico, centro obst\u00e9trico, consult\u00f3rios e uma estrutura de diagn\u00f3sticos convencionais, sendo refer\u00eancia nas urg\u00eancias e emerg\u00eancias da regi\u00e3o.<\/p>\n\n\n\n<p>Oferece atendimento 24 horas em seu pronto-socorro, contando com uma equipe de plant\u00e3o em cl\u00ednica geral, ortopedia e pediatria. Possui um departamento de diagn\u00f3stico por imagem, banco de sangue e um setor de hemodi\u00e1lise. Al\u00e9m disso, abriga o laborat\u00f3rio municipal de an\u00e1lises cl\u00ednicas.<\/p>\n\n\n\n<p>O Banco de Sangue funciona de segunda a sexta-feira, das 7h30 \u00e0s 13h, com entrada pelo estacionamento da Rua Cuiab\u00e1, no Jardim Nossa Senhora de F\u00e1tima. Os doadores s\u00e3o atendidos por ordem de chegada, sem necessidade de agendamento.<\/p>\n\n\n\n<p>Seu corpo clinico \u00e9 formado por profissionais renomados que atendem nas especialidades de anestesia, buco-maxilo, cardiologia, cirurgia pl\u00e1stica, cirurgia geral, cirurgia pedi\u00e1trica, cirurgia vascular, cl\u00ednica m\u00e9dica, ginecologia, obstetr\u00edcia, infectologia, mastologia, nefrologia, neurologia, oftalmologia, ortopedia, otorrinolaringologia, pediatria, m\u00e9dico intensivista, urologia e plantonistas cl\u00ednicos. Contando ainda com equipe de profissionais da \u00e1rea de Enfermagem, Nutri\u00e7\u00e3o, Servi\u00e7o Social, Psicologia, Fonoaudiologia e Fisioterapeutas.<\/p>\n\n\n\n<p>Inaugurado no m\u00eas de fevereiro de 2020, o novo Pronto Socorro Central, &#8220;Luiza da Motta Tebaldi&#8221;, conta com uma \u00e1rea aproximada de 1.600 m2 de constru\u00e7\u00e3o, oferecendo 10 leitos\/observa\u00e7\u00e3o masculina, 10 leitos\/observa\u00e7\u00e3o feminina, 03 leitos de psiquiatria, 02 leitos de isolamento, 04 leitos para emerg\u00eancia e 07 leitos para pediatria.<\/p>\n\n\n\n<figure class=\"wp-block-image size-large\"><img loading=\"lazy\" decoding=\"async\" width=\"833\" height=\"498\" src=\"http:\/\/www.saudeamericana.com.br\/v2\/wp-content\/uploads\/2021\/03\/image-3.png\" alt=\"\" class=\"wp-image-505\" srcset=\"https:\/\/www.saudeamericana.com.br\/v2\/wp-content\/uploads\/2021\/03\/image-3.png 833w, https:\/\/www.saudeamericana.com.br\/v2\/wp-content\/uploads\/2021\/03\/image-3-300x179.png 300w, https:\/\/www.saudeamericana.com.br\/v2\/wp-content\/uploads\/2021\/03\/image-3-768x459.png 768w, https:\/\/www.saudeamericana.com.br\/v2\/wp-content\/uploads\/2021\/03\/image-3-140x84.png 140w\" sizes=\"auto, (max-width: 833px) 100vw, 833px\" \/><\/figure>\n\n\n\n<p>Localizado na Avenida da Sa\u00fade, 415 \u2013 Jardim Nossa Senhora de F\u00e1tima. Telefone: 3471-6750<\/p>\n\n\n\n<p class=\"has-text-align-center has-vivid-red-color has-text-color\"><\/p>\n\n\n\n<p><\/p>\n","protected":false},"excerpt":{"rendered":"<p>A gest\u00e3o do Hospital Municipal \u00e9 compartilhada com a OS (Organiza\u00e7\u00e3o Social) Santa Casa de Miseric\u00f3rdia de Chavantes Idealizado em 1982 pelo m\u00e9dico e ex-prefeito, Waldemar Tebaldi, o Hospital Municipal&hellip;<\/p>\n","protected":false},"author":1,"featured_media":0,"parent":0,"menu_order":0,"comment_status":"closed","ping_status":"closed","template":"","meta":{"footnotes":""},"class_list":["post-52","page","type-page","status-publish","hentry"],"_links":{"self":[{"href":"https:\/\/www.saudeamericana.com.br\/v2\/wp-json\/wp\/v2\/pages\/52","targetHints":{"allow":["GET"]}}],"collection":[{"href":"https:\/\/www.saudeamericana.com.br\/v2\/wp-json\/wp\/v2\/pages"}],"about":[{"href":"https:\/\/www.saudeamericana.com.br\/v2\/wp-json\/wp\/v2\/types\/page"}],"author":[{"embeddable":true,"href":"https:\/\/www.saudeamericana.com.br\/v2\/wp-json\/wp\/v2\/users\/1"}],"replies":[{"embeddable":true,"href":"https:\/\/www.saudeamericana.com.br\/v2\/wp-json\/wp\/v2\/comments?post=52"}],"version-history":[{"count":17,"href":"https:\/\/www.saudeamericana.com.br\/v2\/wp-json\/wp\/v2\/pages\/52\/revisions"}],"predecessor-version":[{"id":3059,"href":"https:\/\/www.saudeamericana.com.br\/v2\/wp-json\/wp\/v2\/pages\/52\/revisions\/3059"}],"wp:attachment":[{"href":"https:\/\/www.saudeamericana.com.br\/v2\/wp-json\/wp\/v2\/media?parent=52"}],"curies":[{"name":"wp","href":"https:\/\/api.w.org\/{rel}","templated":true}]}}